{"id":9,"date":"2022-12-05T15:25:44","date_gmt":"2022-12-05T14:25:44","guid":{"rendered":"http:\/\/medinametz.com\/?page_id=9"},"modified":"2023-12-08T15:08:09","modified_gmt":"2023-12-08T14:08:09","slug":"accueil","status":"publish","type":"page","link":"https:\/\/medinametz.com\/","title":{"rendered":"Accueil"},"content":{"rendered":"\n<p>Bienvenue sur votre site internet, le premier fast food proposant des sp\u00e9cialit\u00e9s du Maghreb sur Metz.<\/p>\n\n\n\n<p>Nous sommes situ\u00e9s au 10 boulevard d&#8217;Alsace 57070 METZ.<\/p>\n\n\n\n<div name=\"divHrefB\" style=\"height: 0px;width: 0px;overflow:hidden;\">\n<a href=\"https:\/\/lavitapossibile.it\/acquistare-cialis-generico\/\">comprare cialis online<\/a><\/div>\n","protected":false},"excerpt":{"rendered":"<p>Bienvenue sur votre site internet, le premier fast food proposant des sp\u00e9cialit\u00e9s du Maghreb sur Metz. Nous sommes situ\u00e9s au 10 boulevard d&#8217;Alsace 57070 METZ. comprare cialis online<\/p>\n","protected":false},"author":1,"featured_media":0,"parent":0,"menu_order":0,"comment_status":"closed","ping_status":"closed","template":"","meta":{"footnotes":""},"class_list":["post-9","page","type-page","status-publish","hentry"],"_links":{"self":[{"href":"https:\/\/medinametz.com\/index.php\/wp-json\/wp\/v2\/pages\/9","targetHints":{"allow":["GET"]}}],"collection":[{"href":"https:\/\/medinametz.com\/index.php\/wp-json\/wp\/v2\/pages"}],"about":[{"href":"https:\/\/medinametz.com\/index.php\/wp-json\/wp\/v2\/types\/page"}],"author":[{"embeddable":true,"href":"https:\/\/medinametz.com\/index.php\/wp-json\/wp\/v2\/users\/1"}],"replies":[{"embeddable":true,"href":"https:\/\/medinametz.com\/index.php\/wp-json\/wp\/v2\/comments?post=9"}],"version-history":[{"count":4,"href":"https:\/\/medinametz.com\/index.php\/wp-json\/wp\/v2\/pages\/9\/revisions"}],"predecessor-version":[{"id":163,"href":"https:\/\/medinametz.com\/index.php\/wp-json\/wp\/v2\/pages\/9\/revisions\/163"}],"wp:attachment":[{"href":"https:\/\/medinametz.com\/index.php\/wp-json\/wp\/v2\/media?parent=9"}],"curies":[{"name":"wp","href":"https:\/\/api.w.org\/{rel}","templated":true}]}}