{"id":61,"date":"2022-12-05T16:18:22","date_gmt":"2022-12-05T15:18:22","guid":{"rendered":"http:\/\/medinametz.com\/?page_id=61"},"modified":"2025-08-14T21:30:12","modified_gmt":"2025-08-14T19:30:12","slug":"menu","status":"publish","type":"page","link":"https:\/\/medinametz.com\/index.php\/menu\/","title":{"rendered":"Notre menu"},"content":{"rendered":"\n<p class=\"has-text-align-center\"><br><strong><em>LES PETITS D\u00c9JEUNERS<\/em><\/strong><\/p>\n\n\n\n<p class=\"has-text-align-center\">\ud83e\udd5e<strong>Le Medina :<\/strong> Tajine d\u2019\u0153ufs accompagn\u00e9 de charcuterie Chatar, Coupelles : Olives noires et huile d\u2019Olive. Msemen, Miel, Vache qui rit, Pain, Jus d\u2019Orange et Boisson chaude au choix (Th\u00e9 \u00e0 la menthe, infusion ou caf\u00e9) &#8211; 10,90\u20ac<\/p>\n\n\n\n<p class=\"has-text-align-center\">\ud83e\uded3<strong>Le Fassi<\/strong> : Tajine d\u2019\u0153ufs au Khlii (Sp\u00e9cialit\u00e9 de la ville de F\u00e8s), Coupelles : Olives noires et huile d\u2019Olive. Msemen, Amlou, Pain, Jus d\u2019Orange, Boisson chaude au choix (Th\u00e9 \u00e0 la menthe, infusion ou caf\u00e9) &#8211; 13,90\u20ac<\/p>\n\n\n\n<p class=\"has-text-align-center\">\u2d63 <strong>Le Berb\u00e8re :<\/strong> Tajine d&#8217;oeufs aux oignons caram\u00e9lis\u00e9s et tomates fraiches, Coupelles : Olives noires et huile d&#8217;olive. Msemen, Miel, Vache qui rit, Pain, Jus ACE et Boisson chaude au choix (Th\u00e9 \u00e0 la menthe, infusion ou caf\u00e9) &#8211; 11.90\u20ac<\/p>\n\n\n\n<p class=\"has-text-align-center\">Suppl\u00e9ment Amlou 1\u20ac<\/p>\n\n\n\n<p class=\"has-text-align-center\">Suppl\u00e9ment Miel ou Vache qui rit ou Nutella 0,5\u20ac<\/p>\n\n\n\n<p class=\"has-text-align-center\"><strong><em>LES OEUFS<\/em><\/strong><\/p>\n\n\n\n<p class=\"has-text-align-center\">\ud83c\udf73Omelette fromage  &#8211; 4\u20ac50<\/p>\n\n\n\n<p class=\"has-text-align-center\">\ud83c\udf73Omelette Khlii (sp\u00e9cialit\u00e9 de la ville de F\u00e8s) 6,5\u20ac<\/p>\n\n\n\n<p class=\"has-text-align-center\">\ud83c\udf73\u0152ufs au plat &#8211; 3,50\u20ac<\/p>\n\n\n\n<p class=\"has-text-align-center\">\ud83c\udf73Omelette frites &#8211; 6\u20ac<\/p>\n\n\n\n<p class=\"has-text-align-center\"><strong><em>LES SOUPES  &amp; PLATS<\/em><\/strong><\/p>\n\n\n\n<p class=\"has-text-align-center\">\ud83c\udf72<strong>Bissara<\/strong> (D\u00e9licieuse soupe de pois cass\u00e9s au cumin) &#8211; 5\u20ac<\/p>\n\n\n\n<p class=\"has-text-align-center\"><strong>OU<\/strong><\/p>\n\n\n\n<p class=\"has-text-align-center\">\ud83c\udf72<strong>Harira<\/strong> (Soupe traditionnelle \u00e0 base de viande de veau, tomates, l\u00e9gumes, vermicelles, pois chiches et coriandres) &#8211; 5\u20ac<\/p>\n\n\n\n<p class=\"has-text-align-center\"><strong>Suggestions<\/strong> : <\/p>\n\n\n\n<p class=\"has-text-align-center\">\ud83e\udd63<strong>Loubia<\/strong> (Plat populaire Maghr\u00e9bin \u00e0 base de haricots blancs accommod\u00e9s \u00e0 la sauce tomate et riche en \u00e9pices ) &#8211; 7\u20ac<\/p>\n\n\n\n<p class=\"has-text-align-center\"><strong>OU<\/strong><\/p>\n\n\n\n<p class=\"has-text-align-center\">\ud83e\udd63<strong>Lardess<\/strong> (G\u00e9n\u00e9reuse recette de lentilles aux l\u00e9gumes et aux saveurs \u00e9pic\u00e9es) &#8211; 7\u20ac<\/p>\n\n\n\n<p class=\"has-text-align-center\"><strong>OU<\/strong><\/p>\n\n\n\n<p>\ud83e\udd63<strong>Chakchouka :<\/strong> Po\u00eal\u00e9e de trio de poivrons, oignons et tomates et \u00e0 laquelle s&#8217;ajoutent des oeufs brouill\u00e9s. Se mange chaud ou froid, avec ou sans l&#8217;oeufs.  &#8211; 7\u20ac<\/p>\n\n\n\n<p class=\"has-text-align-center\"><strong><em>LES TAJINES (en suggestion selon les jours)<\/em><\/strong><\/p>\n\n\n\n<p class=\"has-text-align-center\">\ud83c\udffaTajine de poulet \ud83c\udf57 olives &#8211; 13,90\u20ac<\/p>\n\n\n\n<p class=\"has-text-align-center\">\ud83c\udffaTajine de kefta oeuf \ud83c\udf73 &#8211; 14,50\u20ac<\/p>\n\n\n\n<p class=\"has-text-align-center\">\ud83c\udffaTajine de veau \ud83e\udd69 aux pruneaux &amp; abricots &#8211; 14,90\u20ac<\/p>\n\n\n\n<p class=\"has-text-align-center\">\ud83c\udffaTajine de boeuf \ud83d\udc02 aux l\u00e9gumes &#8211; 14,90\u20ac<\/p>\n\n\n\n<p class=\"has-text-align-center\">\ud83c\udffaTajine de Rfissa aux poulet \ud83c\udf57 &#8211; 14,90\u20ac<\/p>\n\n\n\n<p class=\"has-text-align-center\"><strong><em>LES SANDWICHS <\/em><\/strong><\/p>\n\n\n\n<p class=\"has-text-align-center\">\ud83e\udd59Brochette Poulet \ud83c\udf57 &#8211; 6\u20ac50<\/p>\n\n\n\n<p class=\"has-text-align-center\">\ud83e\udd59Brochette B\u0153uf \ud83d\udc02- 7\u20ac50<\/p>\n\n\n\n<p class=\"has-text-align-center\">\ud83e\udd59Kefta Marin\u00e9 &#8211; 7\u20ac50<\/p>\n\n\n\n<p class=\"has-text-align-center\">\ud83e\udd59Kebda (foie de b\u0153uf) &#8211; 6\u20ac50<\/p>\n\n\n\n<p class=\"has-text-align-center\">\ud83e\udd59Mexicain (Pain Boulanger, Steak Frais ou Poulet Marin\u00e9, Poivrons, Lardons, Crudit\u00e9s, et sauce au choix) &#8211; 7\u20ac50<\/p>\n\n\n\n<p class=\"has-text-align-center\">\ud83e\udd59\ud83c\udf5f\ud83e\udd64<strong>MENU + 2,50\u20ac (Sandwich + Frites + Boisson  33cl)<\/strong><\/p>\n\n\n\n<p class=\"has-text-align-center\">\u26a0\ufe0f<strong>Suppl\u00e9ment viande 2\u20ac50<\/strong> \u26a0\ufe0f<\/p>\n\n\n\n<p class=\"has-text-align-center\"><strong><em>LES BURGERS<\/em><\/strong><\/p>\n\n\n\n<p class=\"has-text-align-center\">\ud83c\udf54<strong>Cheeseburger<\/strong> (Pain Boulanger, Steak Frais, Cheddar, Crudit\u00e9s et sauce au choix) &#8211; 6\u20ac50<\/p>\n\n\n\n<p class=\"has-text-align-center\">\ud83c\udf54<strong>Chickenburger<\/strong> (Pain Boulanger, Escalopine pan\u00e9 de  Poulet, Cheddar, Crudit\u00e9s et sauce au choix) &#8211; 6\u20ac50<\/p>\n\n\n\n<p class=\"has-text-align-center\">\ud83c\udf54<strong>MedinaBurger<\/strong> (Pain Boulanger, Steak Frais, \u0152uf au plat, Chorizo, Cheddar, Crudit\u00e9s et sauce au choix) &#8211; 8\u20ac50<\/p>\n\n\n\n<p class=\"has-text-align-center\">\ud83c\udf54<strong>CrispyBurger<\/strong> (Pain Boulanger, Steak Frais, Cheddar, Crudit\u00e9s, oignon crispy et sauce au choix) &#8211; 7\u20ac<\/p>\n\n\n\n<p class=\"has-text-align-center\">\ud83c\udf54\ud83c\udf5f\ud83e\udd64<strong>MENU + 2,50\u20ac ( Sandwich + Frites + Boisson  33cl)<\/strong><\/p>\n\n\n\n<p class=\"has-text-align-center\">\u26a0\ufe0f<strong>Suppl\u00e9ment viande 2\u20ac50<\/strong> \u26a0\ufe0f<\/p>\n\n\n\n<p class=\"has-text-align-center\"><strong><em>LES TACOS<\/em><\/strong><\/p>\n\n\n\n<p class=\"has-text-align-center\"><strong>\ud83e\udd69Viandes :<\/strong> Poulet marin\u00e9 , Steak, Tenders, Nuggets, Cordon Bleu ou Kefta<\/p>\n\n\n\n<p class=\"has-text-align-center\">\ud83c\udf2e<strong> 1 Viande<\/strong> &#8211; 7\u20ac50<\/p>\n\n\n\n<p class=\"has-text-align-center\">\ud83c\udf2e<strong> 2 Viandes<\/strong> &#8211; 9\u20ac50<\/p>\n\n\n\n<p class=\"has-text-align-center\">\ud83c\udf2e<strong> 3 Viandes<\/strong> &#8211; 11\u20ac50<\/p>\n\n\n\n<p class=\"has-text-align-center\">\ud83c\udf2e\ud83c\udf5f\ud83e\udd64<strong>MENU + 2,50\u20ac ( Sandwich + Frites + Boisson  33cl)<\/strong><\/p>\n\n\n\n<p class=\"has-text-align-center\"><br><strong><em>LES ASSIETTES <\/em><\/strong><\/p>\n\n\n\n<p class=\"has-text-align-center\">\ud83c\udf7d\ufe0fAssiette Steak &#8211; 12\u20ac<\/p>\n\n\n\n<p class=\"has-text-align-center\">\ud83c\udf7d\ufe0fAssiette Kebda &#8211; 11\u20ac<\/p>\n\n\n\n<p class=\"has-text-align-center\">\ud83c\udf7d\ufe0fAssiette Brochette Poulet &#8211; 12\u20ac<\/p>\n\n\n\n<p class=\"has-text-align-center\">\ud83c\udf7d\ufe0fAssiette Brochette B\u0153uf &#8211; 13\u20ac<\/p>\n\n\n\n<p class=\"has-text-align-center\">\ud83c\udf7d\ufe0fAssiette Kefta &#8211; 13\u20ac<\/p>\n\n\n\n<p class=\"has-text-align-center\">\ud83c\udf7d\ufe0fAssiette c\u00f4telettes d&#8217;agneau- 17\u20ac90<\/p>\n\n\n\n<p class=\"has-text-align-center\">\u26a0\ufe0f<strong>Suppl\u00e9ment viande 2\u20ac50<\/strong> \u26a0\ufe0f<\/p>\n\n\n\n<p class=\"has-text-align-center\"><strong><em>TEX-MEX &amp; EXTRAS<\/em><\/strong><\/p>\n\n\n\n<p class=\"has-text-align-center\">\ud83d\udc13Tenders x1 pcs &#8211; 1\u20ac50<\/p>\n\n\n\n<p class=\"has-text-align-center\">\ud83d\udc13Nuggets x4 &#8211; pcs 4\u20ac<\/p>\n\n\n\n<p class=\"has-text-align-center\">\ud83c\udf5fPetite Barquette Frite &#8211; 2,50\u20ac<\/p>\n\n\n\n<p class=\"has-text-align-center\">\ud83c\udf5fGrande Barquette Frite &#8211; 4\u20ac00<\/p>\n\n\n\n<p class=\"has-text-align-center\"><strong><em>LES PAINS <\/em><\/strong><\/p>\n\n\n\n<p class=\"has-text-align-center\">\ud83e\uddc7 Msemen nature &#8211; 2\u20ac50<\/p>\n\n\n\n<p class=\"has-text-align-center\">\ud83e\uddc7Msemen avec accompagnement ( miel, vache qui rit, nutella\u2026) &#8211; 2,50\u20ac<\/p>\n\n\n\n<p class=\"has-text-align-center\">\ud83e\uddc7Msemen amlou &#8211; 3\u20ac50<\/p>\n\n\n\n<p class=\"has-text-align-center\">\ud83e\uddc7 Brick \u00e0 la pi\u00e8ce &#8211; 2\u20ac50 <\/p>\n\n\n\n<p class=\"has-text-align-center\"><strong><em>DESSERTS <\/em><\/strong><\/p>\n\n\n\n<p class=\"has-text-align-center\">\ud83c\udf70 Fondant au chocolat &#8211; 5\u20ac50<\/p>\n\n\n\n<p class=\"has-text-align-center\">\ud83c\udf70Tiramisu (Oreo, Nutella, Bueno, \u2026) &#8211; 3\u20ac50<\/p>\n\n\n\n<p class=\"has-text-align-center\">\ud83c\udf70Tarte Daim \/ Toblerone \/ Milka &#8211; 3\u20ac<\/p>\n\n\n\n<p class=\"has-text-align-center\"><strong><em>BOISSONS CHAUDES <\/em><\/strong><\/p>\n\n\n\n<p class=\"has-text-align-center\">\u2615\ufe0fExpresso &#8211; 1,50\u20ac<\/p>\n\n\n\n<p class=\"has-text-align-center\">\u2615\ufe0fCaf\u00e9 Long &#8211; 2\u20ac<\/p>\n\n\n\n<p class=\"has-text-align-center\">\u2615\ufe0f Caf\u00e9 cr\u00e8me &#8211; 2\u20ac<\/p>\n\n\n\n<p class=\"has-text-align-center\">\u2615\ufe0fGrand caf\u00e9 cr\u00e8me &#8211; 3\u20ac<\/p>\n\n\n\n<p class=\"has-text-align-center\">\ud83e\uded6Th\u00e9 \u00e0 la menthe &#8211; 1,50\u20ac<\/p>\n\n\n\n<p class=\"has-text-align-center\">\u2615\ufe0fChocolat Chaud &#8211; 2\u20ac<\/p>\n\n\n\n<p class=\"has-text-align-center\">\ud83c\udf75Infusions &#8211; 2\u20ac50<\/p>\n\n\n\n<p class=\"has-text-align-center\">\ud83e\uded6Th\u00e9i\u00e8re 2 personnes &#8211; 4\u20ac<\/p>\n\n\n\n<p class=\"has-text-align-center\">\ud83e\uded6Th\u00e9i\u00e8re 4 personnes &#8211; 7\u20ac<\/p>\n\n\n\n<p class=\"has-text-align-center\">\ud83e\uded6Th\u00e9i\u00e8re 6 personnes &#8211; 10\u20ac<\/p>\n\n\n\n<p class=\"has-text-align-center\"><strong><em>BOISSONS FRA\u00ceCHES <\/em><\/strong><\/p>\n\n\n\n<p class=\"has-text-align-center\">\ud83e\udd6433CL : Coca Cola, Coca Cherry, Coca Z\u00e9ro, Fantaisie Orange &amp; Citron, Orangina, Ice Tea P\u00eache &amp; Past\u00e8que menthe, Oasis Tropical, Fraise Framboise, Pomme Poire, Perrier, Hawa\u00ef &#8211; 1,50\u20ac<\/p>\n\n\n\n<p class=\"has-text-align-center\">\ud83e\udd6433CL : Eau plate &#8211; 1\u20ac<\/p>\n\n\n\n<p class=\"has-text-align-center\">\ud83e\udd6425 CL : Coca en verre &#8211; 2,50\u20ac<\/p>\n\n\n\n<p class=\"has-text-align-center\">\ud83e\udd6425 CL: Jus en verre ( ACE, Banane, Orange\u2026) &#8211; 2,50\u20ac<\/p>\n","protected":false},"excerpt":{"rendered":"<p>LES PETITS D\u00c9JEUNERS \ud83e\udd5eLe Medina : Tajine d\u2019\u0153ufs accompagn\u00e9 de charcuterie Chatar, Coupelles : Olives noires et huile d\u2019Olive. Msemen, Miel, Vache qui rit, Pain, Jus d\u2019Orange et Boisson chaude au choix (Th\u00e9 \u00e0 la menthe, infusion ou caf\u00e9) &#8211; 10,90\u20ac \ud83e\uded3Le Fassi : Tajine d\u2019\u0153ufs au Khlii (Sp\u00e9cialit\u00e9 de la ville de F\u00e8s), Coupelles &hellip; <\/p>\n<p class=\"link-more\"><a href=\"https:\/\/medinametz.com\/index.php\/menu\/\" class=\"more-link\">Continue reading<span class=\"screen-reader-text\"> &#8220;Notre menu&#8221;<\/span><\/a><\/p>\n","protected":false},"author":2,"featured_media":0,"parent":0,"menu_order":0,"comment_status":"closed","ping_status":"closed","template":"","meta":{"footnotes":""},"class_list":["post-61","page","type-page","status-publish","hentry"],"_links":{"self":[{"href":"https:\/\/medinametz.com\/index.php\/wp-json\/wp\/v2\/pages\/61","targetHints":{"allow":["GET"]}}],"collection":[{"href":"https:\/\/medinametz.com\/index.php\/wp-json\/wp\/v2\/pages"}],"about":[{"href":"https:\/\/medinametz.com\/index.php\/wp-json\/wp\/v2\/types\/page"}],"author":[{"embeddable":true,"href":"https:\/\/medinametz.com\/index.php\/wp-json\/wp\/v2\/users\/2"}],"replies":[{"embeddable":true,"href":"https:\/\/medinametz.com\/index.php\/wp-json\/wp\/v2\/comments?post=61"}],"version-history":[{"count":117,"href":"https:\/\/medinametz.com\/index.php\/wp-json\/wp\/v2\/pages\/61\/revisions"}],"predecessor-version":[{"id":240,"href":"https:\/\/medinametz.com\/index.php\/wp-json\/wp\/v2\/pages\/61\/revisions\/240"}],"wp:attachment":[{"href":"https:\/\/medinametz.com\/index.php\/wp-json\/wp\/v2\/media?parent=61"}],"curies":[{"name":"wp","href":"https:\/\/api.w.org\/{rel}","templated":true}]}}